{"id":4,"date":"2005-11-29T23:27:40","date_gmt":"2005-11-29T22:27:40","guid":{"rendered":"http:\/\/www.erkenntnis-und-entertainment.de\/blog\/?page_id=4"},"modified":"2006-05-13T20:37:07","modified_gmt":"2006-05-13T18:37:07","slug":"text-und-theorie","status":"publish","type":"page","link":"http:\/\/www.erkenntnis-und-entertainment.de\/blog\/?page_id=4","title":{"rendered":"Text und Theorie"},"content":{"rendered":"<h2><a href=\"http:\/\/www.erkenntnis-und-entertainment.de\/blog\/?page_id=34\">Special: Guibert<\/a><\/h2>\n<p>Ein \u201eSpecial\u201c mit gesammelten Informationen (bzw. sich momentan noch sammelnden) Informationen \u00fcber den Fotografen und Schriftsteller Herv\u00e9 Guibert.<\/p>\n<h3>Au\u00dferdem im Archiv des Archivs des Archivs\u2026:<\/h3>\n<p>Ein <a target=\"blank\" href=\"http:\/\/www.erkenntnis-und-entertainment.de\/archiv\/turing\/index.html\">Uralt-Referat zu Alan Turing <\/a>(das mal total \u00fcberarbeitet werden m\u00fcsste\u2026).<\/p>\n","protected":false},"excerpt":{"rendered":"<p>Special: Guibert Ein \u201eSpecial\u201c mit gesammelten Informationen (bzw. sich momentan noch sammelnden) Informationen \u00fcber den Fotografen und Schriftsteller Herv\u00e9 Guibert. Au\u00dferdem im Archiv des Archivs des Archivs\u2026: Ein Uralt-Referat zu Alan Turing (das mal total \u00fcberarbeitet werden m\u00fcsste\u2026).<\/p>\n","protected":false},"author":1,"featured_media":0,"parent":0,"menu_order":0,"comment_status":"closed","ping_status":"closed","template":"page-text.php","meta":{"footnotes":""},"class_list":["post-4","page","type-page","status-publish","hentry"],"_links":{"self":[{"href":"http:\/\/www.erkenntnis-und-entertainment.de\/blog\/index.php?rest_route=\/wp\/v2\/pages\/4","targetHints":{"allow":["GET"]}}],"collection":[{"href":"http:\/\/www.erkenntnis-und-entertainment.de\/blog\/index.php?rest_route=\/wp\/v2\/pages"}],"about":[{"href":"http:\/\/www.erkenntnis-und-entertainment.de\/blog\/index.php?rest_route=\/wp\/v2\/types\/page"}],"author":[{"embeddable":true,"href":"http:\/\/www.erkenntnis-und-entertainment.de\/blog\/index.php?rest_route=\/wp\/v2\/users\/1"}],"replies":[{"embeddable":true,"href":"http:\/\/www.erkenntnis-und-entertainment.de\/blog\/index.php?rest_route=%2Fwp%2Fv2%2Fcomments&post=4"}],"version-history":[{"count":0,"href":"http:\/\/www.erkenntnis-und-entertainment.de\/blog\/index.php?rest_route=\/wp\/v2\/pages\/4\/revisions"}],"wp:attachment":[{"href":"http:\/\/www.erkenntnis-und-entertainment.de\/blog\/index.php?rest_route=%2Fwp%2Fv2%2Fmedia&parent=4"}],"curies":[{"name":"wp","href":"https:\/\/api.w.org\/{rel}","templated":true}]}}