{"id":36,"date":"2006-04-06T23:12:52","date_gmt":"2006-04-06T22:12:52","guid":{"rendered":"http:\/\/www.erkenntnis-und-entertainment.de\/blog\/?page_id=36"},"modified":"2007-08-01T23:58:38","modified_gmt":"2007-08-01T21:58:38","slug":"bibliographie-guibert","status":"publish","type":"page","link":"http:\/\/www.erkenntnis-und-entertainment.de\/blog\/?page_id=36","title":{"rendered":"Bibliographie Guibert"},"content":{"rendered":"<h3>Ver\u00f6ffentlichungen in chronologischer Reihenfolge (Auswahl)<\/h3>\n<p><strong>1977<\/strong><br \/>\nLa mort propagande (Jugendtexte)<\/p>\n<p><strong>1977\u201385 <\/strong><br \/>\nFoto- und Filmkritiken f\u00fcr <em>Le Monde<br \/>\n<\/em><\/p>\n<p><strong>1980     <\/strong><br \/>\nSuzanne et Louise (Fotoroman)<\/p>\n<p><strong>1981   <\/strong><br \/>\nL\u2018Image fant\u00f4me (autobiographische Essays \u00fcber Fotografie; dt. Phantom-Bild, 1993)<\/p>\n<p><strong>1982  <\/strong><br \/>\nLes Aventures singuli\u00e8res (Erz\u00e4hlungen)<br \/>\nLe Chiens (Erz\u00e4hlung; dt.: Die Hunde, 1999)<br \/>\nVoyage avec deux enfants (Roman; dt.: Reise nach Marokko, 2001)<\/p>\n<p><strong>1983  <\/strong><br \/>\nLes Lubies d\u2018Arthur (Roman)<br \/>\nDrehbuch zu L\u2018homme bless\u00e9 (dt. Der verf\u00fchrte Mann) zusammen mit Patrice Ch\u00e9reau (1984 mit dem C\u00e8sar ausgezeichnet)<\/p>\n<p><strong>1984   <\/strong><br \/>\nLe Seul visage (Fotografien)<\/p>\n<p><strong>1985  <\/strong><br \/>\nLes Aveugles (Erz\u00e4hlung; dt.: Blinde, 1986); (mit dem Prix F\u00e9n\u00e9on ausgezeichnet)<\/p>\n<p><strong>1986   <\/strong><br \/>\nMes Parents (Roman)<\/p>\n<p><strong>1987    <\/strong><br \/>\nVous m\u2018avez fait former des fant\u00f4mes (Roman)<\/p>\n<p><strong>1988<\/strong><br \/>\nLes Gangsters (Roman)<br \/>\nMauve le Vierge (Erz\u00e4hlungen)<\/p>\n<p><strong>1989<\/strong><br \/>\nFou de Vincent (Erz\u00e4hlung; dt.: Verr\u00fcckt nach Vincent, 1999)<br \/>\nL\u2018Incognito (Roman)<\/p>\n<p><strong>1990<\/strong><br \/>\nA l\u2018Ami qui ne m\u2018a pas sauv\u00e9 la vie (Roman; dt.: Dem Freund, der mir das Leben nicht gerettet hat, Hamburg 1991)<\/p>\n<p><strong>1991<\/strong><br \/>\nLe Protocole compassionel (Roman; dt.: Mitleidsprotokoll, 1992)<br \/>\nMon valet et moi (Roman)<\/p>\n<p><strong>1992 <\/strong><br \/>\nL\u2018homme au chapeau rouge (Roman)<br \/>\nCytom\u00e9galovirus. Journal d\u2019hospitalisation. (Erz\u00e4hlung)<\/p>\n<p><strong>1993  <\/strong><br \/>\nLe Paradis (Roman; dt.: Das Paradies, 1994)<br \/>\nPhotographien.<\/p>\n<p><strong>1997   <\/strong><br \/>\nLa Piq\u00fbre d&#8217;amour et autres textes (Erz\u00e4hlungen)<\/p>\n<p><strong>1999 <\/strong><br \/>\nLa Photo, in\u00e9luctablement (Fotokritiken 1977-1985)<\/p>\n<p><strong>2002    <\/strong><br \/>\nLa Chair fra\u00eeche et autres textes (Erz\u00e4hlungen)<\/p>\n<p><strong>2003 <\/strong><br \/>\nLe Mausol\u00e9e des amants (Tageb\u00fccher 1976-1991)<\/p>\n<h3>Film<\/h3>\n<p><strong>1990\u201391  <\/strong><br \/>\nLa Pudeur ou l\u2018Impudeur (autobiographischer Dokumentarfilm)<\/p>\n","protected":false},"excerpt":{"rendered":"<p>Ver\u00f6ffentlichungen in chronologischer Reihenfolge (Auswahl) 1977 La mort propagande (Jugendtexte) 1977\u201385 Foto- und Filmkritiken f\u00fcr Le Monde 1980 Suzanne et Louise (Fotoroman) 1981 L\u2018Image fant\u00f4me (autobiographische Essays \u00fcber Fotografie; dt. Phantom-Bild, 1993) 1982 Les Aventures singuli\u00e8res (Erz\u00e4hlungen) Le Chiens (Erz\u00e4hlung; dt.: Die Hunde, 1999) Voyage avec deux enfants (Roman; dt.: Reise nach Marokko, 2001) 1983 [&hellip;]<\/p>\n","protected":false},"author":1,"featured_media":0,"parent":34,"menu_order":2,"comment_status":"closed","ping_status":"closed","template":"","meta":{"footnotes":""},"class_list":["post-36","page","type-page","status-publish","hentry"],"_links":{"self":[{"href":"http:\/\/www.erkenntnis-und-entertainment.de\/blog\/index.php?rest_route=\/wp\/v2\/pages\/36","targetHints":{"allow":["GET"]}}],"collection":[{"href":"http:\/\/www.erkenntnis-und-entertainment.de\/blog\/index.php?rest_route=\/wp\/v2\/pages"}],"about":[{"href":"http:\/\/www.erkenntnis-und-entertainment.de\/blog\/index.php?rest_route=\/wp\/v2\/types\/page"}],"author":[{"embeddable":true,"href":"http:\/\/www.erkenntnis-und-entertainment.de\/blog\/index.php?rest_route=\/wp\/v2\/users\/1"}],"replies":[{"embeddable":true,"href":"http:\/\/www.erkenntnis-und-entertainment.de\/blog\/index.php?rest_route=%2Fwp%2Fv2%2Fcomments&post=36"}],"version-history":[{"count":0,"href":"http:\/\/www.erkenntnis-und-entertainment.de\/blog\/index.php?rest_route=\/wp\/v2\/pages\/36\/revisions"}],"up":[{"embeddable":true,"href":"http:\/\/www.erkenntnis-und-entertainment.de\/blog\/index.php?rest_route=\/wp\/v2\/pages\/34"}],"wp:attachment":[{"href":"http:\/\/www.erkenntnis-und-entertainment.de\/blog\/index.php?rest_route=%2Fwp%2Fv2%2Fmedia&parent=36"}],"curies":[{"name":"wp","href":"https:\/\/api.w.org\/{rel}","templated":true}]}}